{"id":19364741,"date":"2023-03-08T16:23:01","date_gmt":"2023-03-08T15:23:01","guid":{"rendered":"http:\/\/a-bot.ch\/?page_id=19364741"},"modified":"2026-04-17T08:40:44","modified_gmt":"2026-04-17T07:40:44","slug":"email-security","status":"publish","type":"page","link":"https:\/\/a-bot.ch\/en\/email-sicherheit\/","title":{"rendered":"Email security"},"content":{"rendered":"<p>[et_pb_section fb_built=&#187;1&#8243; _builder_version=&#187;4.27.4&#8243; _module_preset=&#187;default&#187; background_color=&#187;RGBA(255,255,255,0)&#187; background_image=&#187;http:\/\/a-bot.ch\/wp-content\/uploads\/2024\/04\/bg_gold_3-scaled.jpg&#187; parallax=&#187;on&#187; parallax_method=&#187;off&#187; custom_margin=&#187;||-115px|||&#187; custom_padding=&#187;0px|||||&#187; global_colors_info=&#187;{}&#187;][et_pb_row _builder_version=&#187;4.27.6&#8243; _module_preset=&#187;default&#187; min_height=&#187;168px&#187; custom_padding=&#187;||98px|0px|false|false&#187; hover_enabled=&#187;0&#8243; global_colors_info=&#187;{}&#187; width_last_edited=&#187;on|phone&#187; width_phone=&#187;100%&#187; sticky_enabled=&#187;0&#8243;][et_pb_column type=&#187;4_4&#8243; _builder_version=&#187;4.20.1&#8243; _module_preset=&#187;default&#187; global_colors_info=&#187;{}&#187;][dipi_typing_text typing_prefix=&#187;Wir bieten&#187; typing_text=&#187;Spamschutz|Email Sicherheit&#187; text_wrapper_tag=&#187;h2&#8243; flex_direction=&#187;column&#187; typing_speed=&#187;170ms&#187; typing_backspeed=&#187;140ms&#187; _builder_version=&#187;4.27.4&#8243; _module_preset=&#187;default&#187; text_font=&#187;||||||||&#187; text_text_color=&#187;#FFFFFF&#187; typing_font=&#187;|800|||||||&#187; typing_text_color=&#187;#FFFFFF&#187; typing_font_size=&#187;44px&#187; typing_letter_spacing=&#187;1px&#187; typing_line_height=&#187;1.9em&#187; background_color=&#187;#845c13&#8243; min_height=&#187;74px&#187; custom_padding=&#187;10px|||9px|false|false&#187; global_colors_info=&#187;{}&#187;][\/dipi_typing_text][\/et_pb_column][\/et_pb_row][\/et_pb_section][et_pb_section fb_built=&#187;1&#8243; admin_label=&#187;Header&#187; _builder_version=&#187;4.24.3&#8243; _module_preset=&#187;default&#187; background_color=&#187;#eaeff2&#8243; background_enable_color=&#187;off&#187; background_image=&#187;http:\/\/a-bot.ch\/wp-content\/uploads\/2024\/04\/bg_gold_3-scaled.jpg&#187; parallax=&#187;on&#187; parallax_method=&#187;off&#187; custom_padding=&#187;0vw||||false|false&#187; global_colors_info=&#187;{%22gcid-30453b96-dd74-4a60-afe6-7bbd8ca93a6b%22:%91%93}&#187;][et_pb_row column_structure=&#187;1_2,1_2&#8243; _builder_version=&#187;4.27.6&#8243; _module_preset=&#187;default&#187; use_background_color_gradient=&#187;on&#187; background_color_gradient_stops=&#187;#ffffff 0%|rgba(255,255,255,0.87) 100%&#187; custom_padding=&#187;39px|20px||20px|false|false&#187; hover_enabled=&#187;0&#8243; locked=&#187;off&#187; global_colors_info=&#187;{}&#187; width_last_edited=&#187;on|phone&#187; width_phone=&#187;100%&#187; sticky_enabled=&#187;0&#8243;][et_pb_column type=&#187;1_2&#8243; _builder_version=&#187;4.16&#8243; _module_preset=&#187;default&#187; custom_padding=&#187;30px||||false|false&#187; custom_padding_tablet=&#187;0px||||false|false&#187; custom_padding_phone=&#187;&#187; custom_padding_last_edited=&#187;on|tablet&#187; global_colors_info=&#187;{}&#187;][et_pb_image src=&#187;http:\/\/a-bot.ch\/wp-content\/uploads\/2022\/09\/colaboration-Kopie.webp&#187; alt=&#187;colaboration&#187; title_text=&#187;colaboration Kopie&#187; _builder_version=&#187;4.18.0&#8243; _module_preset=&#187;default&#187; global_colors_info=&#187;{}&#187;][\/et_pb_image][et_pb_image src=&#187;http:\/\/a-bot.ch\/wp-content\/uploads\/2022\/09\/server-work.webp&#187; alt=&#187;server a bot&#187; title_text=&#187;server-work&#187; _builder_version=&#187;4.18.0&#8243; _module_preset=&#187;default&#187; global_colors_info=&#187;{}&#187;][\/et_pb_image][et_pb_image src=&#187;http:\/\/a-bot.ch\/wp-content\/uploads\/2022\/10\/datacenter-Kopie-1.webp&#187; alt=&#187;A BOT Datacenter&#187; title_text=&#187;datacenter Kopie&#187; _builder_version=&#187;4.18.0&#8243; _module_preset=&#187;default&#187; global_colors_info=&#187;{}&#187;][\/et_pb_image][\/et_pb_column][et_pb_column type=&#187;1_2&#8243; _builder_version=&#187;4.16&#8243; _module_preset=&#187;default&#187; custom_padding=&#187;80px||||false|false&#187; custom_padding_tablet=&#187;30px||||false|false&#187; custom_padding_phone=&#187;&#187; custom_padding_last_edited=&#187;on|tablet&#187; global_colors_info=&#187;{}&#187;][et_pb_text _builder_version=&#187;4.27.4&#8243; _module_preset=&#187;5272019c-99d9-4e27-9232-9f96d210ee65&#8243; header_font=&#187;||||||||&#187; header_text_color=&#187;#FFFFFF&#187; header_font_size=&#187;72px&#187; header_line_height=&#187;1.2em&#187; header_4_font=&#187;|700|||||||&#187; header_4_text_color=&#187;#000000&#8243; header_4_font_size=&#187;31px&#187; header_4_line_height=&#187;1.2em&#187; background_color=&#187;#845c13&#8243; custom_margin=&#187;||20px||false|false&#187; custom_padding=&#187;10px|10px||10px|false|true&#187; header_font_size_tablet=&#187;40px&#187; header_font_size_phone=&#187;24px&#187; header_font_size_last_edited=&#187;on|tablet&#187; header_4_font_size_tablet=&#187;16px&#187; header_4_font_size_phone=&#187;14px&#187; header_4_font_size_last_edited=&#187;on|phone&#187; global_colors_info=&#187;{}&#187;]<\/p>\n<h4><span style=\"color: #ffffff;\">Mit Sicherheit A BOT<\/span><\/h4>\n<p>[\/et_pb_text][et_pb_text _builder_version=&#187;4.20.1&#8243; _module_preset=&#187;90865f4d-2cce-42a7-b40e-d3fbad25605a&#187; header_text_color=&#187;#000000&#8243; header_2_font=&#187;Inter|700|||||||&#187; header_2_text_color=&#187;#000000&#8243; header_2_font_size=&#187;40px&#187; header_2_line_height=&#187;1.2em&#187; header_2_font_size_tablet=&#187;32px&#187; header_2_font_size_phone=&#187;20px&#187; header_2_font_size_last_edited=&#187;on|phone&#187; header_2_line_height_tablet=&#187;1.4em&#187; header_2_line_height_phone=&#187;1.6em&#187; header_2_line_height_last_edited=&#187;on|tablet&#187; global_colors_info=&#187;{%22gcid-d9c09dce-be79-4616-8283-fcaa1d6f5cc3%22:%91%93}&#187;]<\/p>\n<h1>Sicherheit in der elektronischen Kommunikation<\/h1>\n<p>[\/et_pb_text][et_pb_accordion _builder_version=&#187;4.20.1&#8243; _module_preset=&#187;default&#187; global_colors_info=&#187;{}&#187;][et_pb_accordion_item title=&#187;E-Mail-Authentifizierung zu verbessern und ihre Reputation im Internet zu wahren&#187; open=&#187;on&#187; _builder_version=&#187;4.18.0&#8243; _module_preset=&#187;default&#187; global_colors_info=&#187;{}&#187;]<\/p>\n<p>Sicherheit im Internet ist ein ernstes Thema, insbesondere wenn es um E-Mail-Kommunikation geht. Ein Grossteil der E-Mail-Spam und Phishing-Angriffe wird durch gef\u00e4lschte Absenderadressen erm\u00f6glicht. Um dieses Problem zu bek\u00e4mpfen, wurden Technologien wie DKIM, DMARC und SPF entwickelt.<\/p>\n<p>[\/et_pb_accordion_item][et_pb_accordion_item title=&#187;DKIM&#187; _builder_version=&#187;4.18.0&#8243; _module_preset=&#187;default&#187; global_colors_info=&#187;{}&#187; open=&#187;off&#187;]<\/p>\n<p>steht f\u00fcr &#171;DomainKeys Identified Mail&#187; und ist eine Methode zur digitalen Signatur von E-Mails. Es erm\u00f6glicht dem Empf\u00e4nger zu \u00fcberpr\u00fcfen, ob eine E-Mail tats\u00e4chlich von der angegebenen Absenderdom\u00e4ne stammt und ob der Inhalt der Nachricht unver\u00e4ndert geblieben ist. Mit DKIM k\u00f6nnen Unternehmen und Organisationen die Integrit\u00e4t ihrer E-Mails gew\u00e4hrleisten und das Risiko von Phishing-Angriffen reduzieren.<\/p>\n<p>[\/et_pb_accordion_item][et_pb_accordion_item title=&#187;SPF&#187; _builder_version=&#187;4.18.0&#8243; _module_preset=&#187;default&#187; global_colors_info=&#187;{}&#187; open=&#187;off&#187;]<\/p>\n<p>(Sender Policy Framework) ist eine weitere Technologie, die dazu beitr\u00e4gt, E-Mail-Betrug zu bek\u00e4mpfen. Es erm\u00f6glicht dem Empf\u00e4nger zu \u00fcberpr\u00fcfen, ob eine E-Mail von einer autorisierten IP-Adresse gesendet wurde. SPF kann dazu beitragen, den Absender zu verifizieren und das Risiko von Spam- und Phishing-Angriffen zu verringern.<\/p>\n<p>[\/et_pb_accordion_item][et_pb_accordion_item title=&#187;DMARC&#187; _builder_version=&#187;4.18.0&#8243; _module_preset=&#187;default&#187; global_colors_info=&#187;{}&#187; open=&#187;off&#187;]<\/p>\n<p>(Domain-based Message Authentication, Reporting &amp; Conformance) ist eine Technologie, die auf DKIM und SPF aufbaut und die Umsetzung und \u00dcberwachung dieser Technologien erleichtert. Es erm\u00f6glicht Domain-Inhabern, Richtlinien f\u00fcr die Authentifizierung von E-Mails festzulegen und Berichte \u00fcber E-Mails zu erhalten, die von ihren Dom\u00e4nen gesendet werden. DMARC bietet eine zus\u00e4tzliche Schutzschicht gegen E-Mail-Betrug und kann dazu beitragen, die Reputation einer Domain zu sch\u00fctzen.<\/p>\n<p>[\/et_pb_accordion_item][\/et_pb_accordion][et_pb_button button_url=&#187;@ET-DC@eyJkeW5hbWljIjp0cnVlLCJjb250ZW50IjoicG9zdF9saW5rX3VybF9wYWdlIiwic2V0dGluZ3MiOnsicG9zdF9pZCI6Ijc2OCJ9fQ==@&#187; button_text=&#187;Testen Sie uns&#187; _builder_version=&#187;4.24.3&#8243; _dynamic_attributes=&#187;button_url&#187; _module_preset=&#187;01032a44-1468-4d48-a44c-d3e1dc72cc6d&#187; custom_button=&#187;on&#187; button_text_size=&#187;16px&#187; button_text_color=&#187;#FFFFFF&#187; button_bg_color=&#187;#845c13&#8243; button_border_width=&#187;0px&#187; button_border_radius=&#187;0px&#187; button_font=&#187;Inter|700|||||||&#187; button_icon=&#187;&#x24;||divi||400&#8243; custom_padding=&#187;15px|40px|15px|40px|true|true&#187; locked=&#187;off&#187; global_colors_info=&#187;{}&#187;][\/et_pb_button][\/et_pb_column][\/et_pb_row][\/et_pb_section]<\/p>\n","protected":false},"excerpt":{"rendered":"<p><div class=\"et_pb_module dipi_typing_text dipi_typing_text_0\">\n\t\t\t\t\n\t\t\t\t\n\t\t\t\t\n\t\t\t\t\n\t\t\t\t\n\t\t\t\t\n\t\t\t\t<div class=\"et_pb_module_inner\">\n\t\t\t\t\t<h2 class=\"dipi-typing\">\n                <span class=\"dipi-typing-text-prefix\">Wir bieten<\/span>\n                <span class=\"dipi-typing-wrap\">\n                    <span class=\"dipi-typing-text\" data-dipi-loop=\"true\"\n            data-dipi-speed=\"170ms\"\n            data-dipi-backspeed=\"140ms\"\n            data-dipi-backdelay=\"100ms\"\n            data-dipi-show-cursor=\"true\"\n            data-dipi-cursor-char=\"|\"\n            data-dipi-typing-strings=\"[&quot;Spamschutz&quot;,&quot;Email Sicherheit&quot;]\"\n            data-dipi-typing-strings=\"[&quot;Spamschutz&quot;,&quot;Email Sicherheit&quot;]\"\n            data-dipi-typing-inviewport=\"off\"\n            data-dipi-typing-offset=\"75%\"\n            data-dipi-delay=\"0ms\"\n            ><\/span>\n                <\/span>\n                <span class=\"dipi-typing-text-suffix\"><\/span>\n            <\/h2>\n\t\t\t\t<\/div>\n\t\t\t<\/div>Mit Sicherheit A BOTSicherheit in der elektronischen KommunikationSicherheit im Internet ist ein ernstes Thema, insbesondere wenn es um E-Mail-Kommunikation geht. Ein Grossteil der E-Mail-Spam und Phishing-Angriffe wird durch gef\u00e4lschte Absenderadressen erm\u00f6glicht. Um dieses Problem [&hellip;]<\/p>\n","protected":false},"author":1,"featured_media":0,"parent":0,"menu_order":0,"comment_status":"closed","ping_status":"closed","template":"","meta":{"_et_pb_use_builder":"on","_et_pb_old_content":"","_et_gb_content_width":"","footnotes":""},"class_list":["post-19364741","page","type-page","status-publish","hentry"],"_links":{"self":[{"href":"https:\/\/a-bot.ch\/en\/wp-json\/wp\/v2\/pages\/19364741","targetHints":{"allow":["GET"]}}],"collection":[{"href":"https:\/\/a-bot.ch\/en\/wp-json\/wp\/v2\/pages"}],"about":[{"href":"https:\/\/a-bot.ch\/en\/wp-json\/wp\/v2\/types\/page"}],"author":[{"embeddable":true,"href":"https:\/\/a-bot.ch\/en\/wp-json\/wp\/v2\/users\/1"}],"replies":[{"embeddable":true,"href":"https:\/\/a-bot.ch\/en\/wp-json\/wp\/v2\/comments?post=19364741"}],"version-history":[{"count":7,"href":"https:\/\/a-bot.ch\/en\/wp-json\/wp\/v2\/pages\/19364741\/revisions"}],"predecessor-version":[{"id":19365750,"href":"https:\/\/a-bot.ch\/en\/wp-json\/wp\/v2\/pages\/19364741\/revisions\/19365750"}],"wp:attachment":[{"href":"https:\/\/a-bot.ch\/en\/wp-json\/wp\/v2\/media?parent=19364741"}],"curies":[{"name":"wp","href":"https:\/\/api.w.org\/{rel}","templated":true}]}}