{"id":19364756,"date":"2023-03-08T16:27:15","date_gmt":"2023-03-08T15:27:15","guid":{"rendered":"http:\/\/a-bot.ch\/?page_id=19364756"},"modified":"2026-04-17T08:38:28","modified_gmt":"2026-04-17T07:38:28","slug":"security-on-the-internet-with-the-services-of-a-bot","status":"publish","type":"page","link":"https:\/\/a-bot.ch\/en\/sicherheit-im-internet-mit-den-services-von-a-bot\/","title":{"rendered":"Security on the Internet"},"content":{"rendered":"<p>[et_pb_section fb_built=&#187;1&#8243; admin_label=&#187;Header&#187; _builder_version=&#187;4.24.3&#8243; _module_preset=&#187;default&#187; background_color=&#187;#eaeff2&#8243; background_enable_color=&#187;off&#187; background_image=&#187;http:\/\/a-bot.ch\/wp-content\/uploads\/2024\/04\/bg_gold_3-scaled.jpg&#187; parallax=&#187;on&#187; parallax_method=&#187;off&#187; custom_padding=&#187;5vw||||false|false&#187; global_colors_info=&#187;{%22gcid-30453b96-dd74-4a60-afe6-7bbd8ca93a6b%22:%91%93}&#187;][et_pb_row column_structure=&#187;1_2,1_2&#8243; _builder_version=&#187;4.27.6&#8243; _module_preset=&#187;default&#187; use_background_color_gradient=&#187;on&#187; background_color_gradient_stops=&#187;#ffffff 0%|rgba(255,255,255,0.87) 100%&#187; width=&#187;82.8%&#187; custom_margin=&#187;||80px||false|false&#187; custom_padding=&#187;|20px||20px|false|false&#187; hover_enabled=&#187;0&#8243; global_colors_info=&#187;{}&#187; width_last_edited=&#187;on|phone&#187; width_phone=&#187;100%&#187; sticky_enabled=&#187;0&#8243; width_tablet=&#187;82.8%&#187;][et_pb_column type=&#187;1_2&#8243; _builder_version=&#187;4.16&#8243; _module_preset=&#187;default&#187; global_colors_info=&#187;{}&#187;][et_pb_text _builder_version=&#187;4.16&#8243; _module_preset=&#187;b3e3ff14-5f5c-4608-8ecf-1885ce3da7aa&#187; header_font=&#187;Inter|700|||||||&#187; header_text_color=&#187;#000000&#8243; header_font_size=&#187;72px&#187; header_line_height=&#187;1.1em&#187; header_font_size_tablet=&#187;40px&#187; header_font_size_phone=&#187;24px&#187; header_font_size_last_edited=&#187;on|tablet&#187; global_colors_info=&#187;{%22gcid-d9c09dce-be79-4616-8283-fcaa1d6f5cc3%22:%91%93}&#187;]<\/p>\n<h1>Sicherheit im Internet<\/h1>\n<p>[\/et_pb_text][et_pb_text _builder_version=&#187;4.20.2&#8243; _module_preset=&#187;da86b6f0-f83c-4c7c-bdd8-3019777ddffe&#187; text_font=&#187;Inter||||||||&#187; text_text_color=&#187;#000000&#8243; text_font_size=&#187;16px&#187; text_line_height=&#187;1.8em&#187; custom_padding=&#187;||0px|0px||&#187; text_font_size_tablet=&#187;15px&#187; text_font_size_phone=&#187;14px&#187; text_font_size_last_edited=&#187;on|desktop&#187; global_colors_info=&#187;{}&#187;]<\/p>\n<h3>Wie wir Sie vor Cyberangriffen sch\u00fctzt<\/h3>\n<p>Die Digitalisierung hat unser Leben vereinfacht, jedoch hat sie auch das Risiko von Cyberangriffen auf Unternehmen erh\u00f6ht. Cyberkriminelle nutzen das Internet, um sich Zugang zu sensiblen Daten zu verschaffen, Betrug zu begehen und sogar Unternehmen zu erpressen. Wir bieten Ihnen die L\u00f6sungen, die Sie ben\u00f6tigen, um Ihre Daten sicher zu halten.<\/p>\n<p>Was bieten wir an?<\/p>\n<p>[\/et_pb_text][et_pb_accordion _builder_version=&#187;4.20.1&#8243; _module_preset=&#187;default&#187; global_colors_info=&#187;{}&#187;][et_pb_accordion_item title=&#187;Schutz vor Malware&#187; open=&#187;on&#187; _builder_version=&#187;4.20.1&#8243; _module_preset=&#187;default&#187; global_colors_info=&#187;{}&#187;]<\/p>\n<p>Unsere Experten stellen sicher, dass Ihre Systeme gegen Malware wie Viren, Trojaner und Ransomware gesch\u00fctzt sind. Wir verwenden modernste Technologien, um Bedrohungen zu erkennen und zu entfernen.<\/p>\n<p>[\/et_pb_accordion_item][et_pb_accordion_item title=&#187;Cybersecurity-Training&#187; _builder_version=&#187;4.20.1&#8243; _module_preset=&#187;default&#187; global_colors_info=&#187;{}&#187; open=&#187;off&#187;]<\/p>\n<p>Wir bieten Schulungen und Schulungsmaterialien an, um Ihre Mitarbeiter \u00fcber die neuesten Bedrohungen und die besten Sicherheitspraktiken zu informieren. So k\u00f6nnen Sie sicherstellen, dass Ihr Team die notwendigen Kenntnisse hat, um potenzielle Bedrohungen zu erkennen und zu vermeiden.<\/p>\n<p>[\/et_pb_accordion_item][et_pb_accordion_item title=&#187;Firewall-Management&#187; _builder_version=&#187;4.20.1&#8243; _module_preset=&#187;default&#187; global_colors_info=&#187;{}&#187; open=&#187;off&#187;]<\/p>\n<p>Eine Firewall ist eine wichtige Sicherheitsmassnahme f\u00fcr jedes Unternehmen. Wir bieten Firewall-Management-Dienste, die speziell auf Ihre Bed\u00fcrfnisse zugeschnitten sind. Wir k\u00fcmmern uns um die Installation, Konfiguration und Verwaltung Ihrer Firewall, um sicherzustellen, dass Ihre Daten sicher sind.<\/p>\n<p>[\/et_pb_accordion_item][et_pb_accordion_item title=&#187;Datenschutz&#187; _builder_version=&#187;4.20.1&#8243; _module_preset=&#187;default&#187; global_colors_info=&#187;{}&#187; open=&#187;off&#187;]<\/p>\n<p>Wir stellen sicher, dass Ihre Daten gesch\u00fctzt sind und dass Sie die erforderlichen Sicherheitsmassnahmen gem\u00e4ss der Datenschutzgrundverordnung (DSGVO) einhalten. Unsere Experten sind mit den neuesten Datenschutzbestimmungen vertraut und k\u00f6nnen Ihnen helfen, sicherzustellen, dass Ihre Daten sicher sind.<\/p>\n<p>[\/et_pb_accordion_item][\/et_pb_accordion][et_pb_text _builder_version=&#187;4.20.2&#8243; _module_preset=&#187;default&#187; text_font=&#187;Inter||||||||&#187; text_text_color=&#187;#000000&#8243; text_font_size=&#187;16px&#187; text_line_height=&#187;1.8em&#187; custom_padding=&#187;||0px|0px||&#187; text_font_size_tablet=&#187;15px&#187; text_font_size_phone=&#187;14px&#187; text_font_size_last_edited=&#187;on|desktop&#187; global_colors_info=&#187;{}&#187;]<\/p>\n<p>Wenn es um die Sicherheit Ihrer Daten geht, sind wir Ihre vertrauensw\u00fcrdiger Partner. Wir arbeiten hart, um sicherzustellen, dass Ihre Daten sicher und gesch\u00fctzt sind, damit Sie sich auf Ihr Unternehmen konzentrieren k\u00f6nnen.<br \/>Gerne erstellen wir ein auf Zugeschnittenes Konzept, welches speziell auf Ihre Bed\u00fcrfnisse angepasst ist.<\/p>\n<p>[\/et_pb_text][et_pb_button button_url=&#187;http:\/\/a-bot.ch\/kontakt-zu-a-bot-gmbh-it-service\/&#187; button_text=&#187;Lassen Sie sich beraten&#187; _builder_version=&#187;4.24.3&#8243; _module_preset=&#187;default&#187; custom_button=&#187;on&#187; button_text_color=&#187;#FFFFFF&#187; button_bg_color=&#187;#845c13&#8243; button_border_width=&#187;0px&#187; button_border_color=&#187;RGBA(255,255,255,0)&#187; global_colors_info=&#187;{}&#187;][\/et_pb_button][\/et_pb_column][et_pb_column type=&#187;1_2&#8243; _builder_version=&#187;4.16&#8243; _module_preset=&#187;default&#187; global_colors_info=&#187;{}&#187;][et_pb_image src=&#187;http:\/\/a-bot.ch\/wp-content\/uploads\/2023\/03\/spam_mail_fear.webp&#187; alt=&#187;falsch&#187; title_text=&#187;spam_mail_fear&#187; align=&#187;right&#187; _builder_version=&#187;4.20.1&#8243; _module_preset=&#187;default&#187; global_colors_info=&#187;{}&#187;][\/et_pb_image][\/et_pb_column][\/et_pb_row][\/et_pb_section]<\/p>\n","protected":false},"excerpt":{"rendered":"<p>Sicherheit im InternetWie wir Sie vor Cyberangriffen sch\u00fctzt Die Digitalisierung hat unser Leben vereinfacht, jedoch hat sie auch das Risiko von Cyberangriffen auf Unternehmen erh\u00f6ht. Cyberkriminelle nutzen das Internet, um sich Zugang zu sensiblen Daten zu verschaffen, Betrug zu begehen und sogar Unternehmen zu erpressen. Wir bieten Ihnen die L\u00f6sungen, die Sie ben\u00f6tigen, um Ihre [&hellip;]<\/p>\n","protected":false},"author":1,"featured_media":0,"parent":0,"menu_order":0,"comment_status":"closed","ping_status":"closed","template":"","meta":{"_et_pb_use_builder":"on","_et_pb_old_content":"","_et_gb_content_width":"","footnotes":""},"class_list":["post-19364756","page","type-page","status-publish","hentry"],"_links":{"self":[{"href":"https:\/\/a-bot.ch\/en\/wp-json\/wp\/v2\/pages\/19364756","targetHints":{"allow":["GET"]}}],"collection":[{"href":"https:\/\/a-bot.ch\/en\/wp-json\/wp\/v2\/pages"}],"about":[{"href":"https:\/\/a-bot.ch\/en\/wp-json\/wp\/v2\/types\/page"}],"author":[{"embeddable":true,"href":"https:\/\/a-bot.ch\/en\/wp-json\/wp\/v2\/users\/1"}],"replies":[{"embeddable":true,"href":"https:\/\/a-bot.ch\/en\/wp-json\/wp\/v2\/comments?post=19364756"}],"version-history":[{"count":1,"href":"https:\/\/a-bot.ch\/en\/wp-json\/wp\/v2\/pages\/19364756\/revisions"}],"predecessor-version":[{"id":19365747,"href":"https:\/\/a-bot.ch\/en\/wp-json\/wp\/v2\/pages\/19364756\/revisions\/19365747"}],"wp:attachment":[{"href":"https:\/\/a-bot.ch\/en\/wp-json\/wp\/v2\/media?parent=19364756"}],"curies":[{"name":"wp","href":"https:\/\/api.w.org\/{rel}","templated":true}]}}