{"id":19364807,"date":"2023-03-16T10:43:35","date_gmt":"2023-03-16T09:43:35","guid":{"rendered":"http:\/\/a-bot.ch\/?page_id=19364807"},"modified":"2025-05-22T12:45:12","modified_gmt":"2025-05-22T11:45:12","slug":"imprint","status":"publish","type":"page","link":"https:\/\/a-bot.ch\/en\/impressum\/","title":{"rendered":"Imprint"},"content":{"rendered":"<p>[et_pb_section fb_built=&#187;1&#8243; admin_label=&#187;Header&#187; _builder_version=&#187;4.20.2&#8243; _module_preset=&#187;default&#187; background_color=&#187;#eaeff2&#8243; background_enable_color=&#187;off&#187; background_image=&#187;http:\/\/a-bot.ch\/wp-content\/uploads\/2022\/12\/dp-popup-img-01.jpg&#187; parallax=&#187;on&#187; custom_padding=&#187;5vw||||false|false&#187; global_colors_info=&#187;{%22gcid-30453b96-dd74-4a60-afe6-7bbd8ca93a6b%22:%91%93}&#187;][et_pb_row column_structure=&#187;1_2,1_2&#8243; _builder_version=&#187;4.20.2&#8243; _module_preset=&#187;default&#187; use_background_color_gradient=&#187;on&#187; background_color_gradient_stops=&#187;#ffffff 0%|rgba(255,255,255,0.87) 100%&#187; width=&#187;82.8%&#187; custom_margin=&#187;||80px||false|false&#187; custom_padding=&#187;|||47px||&#187; global_colors_info=&#187;{}&#187;][et_pb_column type=&#187;1_2&#8243; _builder_version=&#187;4.16&#8243; _module_preset=&#187;default&#187; global_colors_info=&#187;{}&#187;][et_pb_text _builder_version=&#187;4.16&#8243; _module_preset=&#187;b3e3ff14-5f5c-4608-8ecf-1885ce3da7aa&#187; header_font=&#187;Inter|700|||||||&#187; header_text_color=&#187;#000000&#8243; header_font_size=&#187;72px&#187; header_line_height=&#187;1.1em&#187; custom_margin=&#187;||48px|||&#187; header_font_size_tablet=&#187;40px&#187; header_font_size_phone=&#187;24px&#187; header_font_size_last_edited=&#187;on|tablet&#187; global_colors_info=&#187;{%22gcid-d9c09dce-be79-4616-8283-fcaa1d6f5cc3%22:%91%93}&#187;]<\/p>\n<h1>Impressum<\/h1>\n<p>[\/et_pb_text][et_pb_text _builder_version=&#187;4.20.2&#8243; _module_preset=&#187;da86b6f0-f83c-4c7c-bdd8-3019777ddffe&#187; text_font=&#187;Inter||||||||&#187; text_text_color=&#187;#000000&#8243; text_font_size=&#187;16px&#187; text_line_height=&#187;1.8em&#187; min_height=&#187;386.8px&#187; custom_padding=&#187;||0px|0px||&#187; text_font_size_tablet=&#187;15px&#187; text_font_size_phone=&#187;14px&#187; text_font_size_last_edited=&#187;on|desktop&#187; locked=&#187;off&#187; global_colors_info=&#187;{}&#187;]<\/p>\n<h2>Unternehmen<\/h2>\n<p><strong>A BOT GmbH<\/strong><br \/>Weinfelderstrasse 82<br \/>8580 Amriswil<br \/>Schweiz<\/p>\n<p>Telefon: +41 71 461 44 44<br \/>E-Mail: <a href=\"mailto:office@itrox.agency\" target=\"_new\" rel=\"noopener\">office (at) a-bot.ch<\/a><\/p>\n<p>Handelsregisternummer: CH-440.4.028.857-8<br \/>Umsatzsteuer-Identifikationsnummer: CHE-365.811.028<br \/>Verantwortlich f\u00fcr den Inhalt: A BOT GmbH<\/p>\n<p>Die A BOT GmbH ist eine Gesellschaft mit beschr\u00e4nkter Haftung (GmbH) nach schweizerischem Recht.<\/p>\n<p>[\/et_pb_text][et_pb_divider _builder_version=&#187;4.20.2&#8243; _module_preset=&#187;default&#187; global_colors_info=&#187;{}&#187;][\/et_pb_divider][et_pb_text _builder_version=&#187;4.20.2&#8243; _module_preset=&#187;default&#187; text_font=&#187;Inter||||||||&#187; text_text_color=&#187;#000000&#8243; text_font_size=&#187;16px&#187; text_line_height=&#187;1.8em&#187; min_height=&#187;214.8px&#187; custom_padding=&#187;||0px|0px||&#187; text_font_size_tablet=&#187;15px&#187; text_font_size_phone=&#187;14px&#187; text_font_size_last_edited=&#187;on|desktop&#187; global_colors_info=&#187;{}&#187;]<\/p>\n<h2>Haftungsausschluss<\/h2>\n<p data-pm-slice=\"1 1 []\">Bei A BOT GmbH verstehen wir, dass Sie darauf vertrauen, dass wir genaue und aktuelle Informationen auf unserer Website bereitstellen. Wir nehmen diese Verantwortung ernst und bem\u00fchen uns sicherzustellen, dass alle Inhalte korrekt, vollst\u00e4ndig und aktuell sind. Bitte beachten Sie jedoch, dass wir f\u00fcr den Inhalt externer Links von unserer Website nicht verantwortlich sind. F\u00fcr den Inhalt der verlinkten Seiten sind ausschliesslich deren Betreiber verantwortlich. Wir bitten um Ihr Verst\u00e4ndnis und bedanken uns f\u00fcr Ihren Besuch auf der Website der Firma A BOT GmbH.<\/p>\n<p>[\/et_pb_text][et_pb_divider _builder_version=&#187;4.20.2&#8243; _module_preset=&#187;default&#187; global_colors_info=&#187;{}&#187;][\/et_pb_divider][et_pb_text _builder_version=&#187;4.20.2&#8243; _module_preset=&#187;default&#187; text_font=&#187;Inter||||||||&#187; text_text_color=&#187;#000000&#8243; text_font_size=&#187;16px&#187; text_line_height=&#187;1.8em&#187; min_height=&#187;109.8px&#187; custom_padding=&#187;||9px|0px||&#187; text_font_size_tablet=&#187;15px&#187; text_font_size_phone=&#187;14px&#187; text_font_size_last_edited=&#187;on|desktop&#187; global_colors_info=&#187;{}&#187;]<\/p>\n<h2>Weiteres<\/h2>\n<p>Diese Seite wird dur reCAPTCHA und die Google<br \/><a href=\"https:\/\/policies.google.com\/privacy\">Privacy Policy<\/a> und<br \/><a href=\"https:\/\/policies.google.com\/terms\">Terms of Service<\/a> gesch\u00fctzt.<\/p>\n<p>[\/et_pb_text][\/et_pb_column][et_pb_column type=&#187;1_2&#8243; _builder_version=&#187;4.16&#8243; _module_preset=&#187;default&#187; global_colors_info=&#187;{}&#187;][et_pb_image src=&#187;http:\/\/a-bot.ch\/wp-content\/uploads\/2022\/10\/A-BOT-AGB-VW-BUS-Kopie.webp&#187; alt=&#187;a-bot-about-bus&#187; title_text=&#187;A-BOT-AGB-VW-BUS Kopie&#187; align=&#187;right&#187; _builder_version=&#187;4.18.0&#8243; _module_preset=&#187;default&#187; global_colors_info=&#187;{}&#187;][\/et_pb_image][\/et_pb_column][\/et_pb_row][\/et_pb_section]<\/p>\n","protected":false},"excerpt":{"rendered":"<p>ImpressumUnternehmen A BOT GmbHWeinfelderstrasse 828580 AmriswilSchweiz Telefon: +41 71 461 44 44E-Mail: office (at) a-bot.ch Handelsregisternummer: CH-440.4.028.857-8Umsatzsteuer-Identifikationsnummer: CHE-365.811.028Verantwortlich f\u00fcr den Inhalt: A BOT GmbH Die A BOT GmbH ist eine Gesellschaft mit beschr\u00e4nkter Haftung (GmbH) nach schweizerischem Recht.Haftungsausschluss Bei A BOT GmbH verstehen wir, dass Sie darauf vertrauen, dass wir genaue und aktuelle Informationen auf [&hellip;]<\/p>\n","protected":false},"author":1,"featured_media":0,"parent":0,"menu_order":0,"comment_status":"closed","ping_status":"closed","template":"","meta":{"_et_pb_use_builder":"on","_et_pb_old_content":"","_et_gb_content_width":"","footnotes":""},"class_list":["post-19364807","page","type-page","status-publish","hentry"],"_links":{"self":[{"href":"https:\/\/a-bot.ch\/en\/wp-json\/wp\/v2\/pages\/19364807","targetHints":{"allow":["GET"]}}],"collection":[{"href":"https:\/\/a-bot.ch\/en\/wp-json\/wp\/v2\/pages"}],"about":[{"href":"https:\/\/a-bot.ch\/en\/wp-json\/wp\/v2\/types\/page"}],"author":[{"embeddable":true,"href":"https:\/\/a-bot.ch\/en\/wp-json\/wp\/v2\/users\/1"}],"replies":[{"embeddable":true,"href":"https:\/\/a-bot.ch\/en\/wp-json\/wp\/v2\/comments?post=19364807"}],"version-history":[{"count":2,"href":"https:\/\/a-bot.ch\/en\/wp-json\/wp\/v2\/pages\/19364807\/revisions"}],"predecessor-version":[{"id":19365675,"href":"https:\/\/a-bot.ch\/en\/wp-json\/wp\/v2\/pages\/19364807\/revisions\/19365675"}],"wp:attachment":[{"href":"https:\/\/a-bot.ch\/en\/wp-json\/wp\/v2\/media?parent=19364807"}],"curies":[{"name":"wp","href":"https:\/\/api.w.org\/{rel}","templated":true}]}}